{"id":155,"date":"2017-04-16T10:10:58","date_gmt":"2017-04-16T10:10:58","guid":{"rendered":"http:\/\/www.7zaligheden.nl\/?page_id=155"},"modified":"2025-05-14T08:25:51","modified_gmt":"2025-05-14T08:25:51","slug":"brood","status":"publish","type":"page","link":"https:\/\/www.7zaligheden.nl\/?page_id=155","title":{"rendered":"BROOD"},"content":{"rendered":"<h1><strong>BROOD<\/strong><\/h1>\n<h1 style=\"text-align: center;\"><img loading=\"lazy\" decoding=\"async\" class=\"size-large wp-image-984 aligncenter\" src=\"https:\/\/www.7zaligheden.nl\/wp-content\/uploads\/2023\/08\/E005E946-8433-4842-A47C-270B05BB46EB-768x1024.jpeg\" alt=\"\" width=\"525\" height=\"700\" srcset=\"https:\/\/www.7zaligheden.nl\/wp-content\/uploads\/2023\/08\/E005E946-8433-4842-A47C-270B05BB46EB-768x1024.jpeg 768w, https:\/\/www.7zaligheden.nl\/wp-content\/uploads\/2023\/08\/E005E946-8433-4842-A47C-270B05BB46EB-225x300.jpeg 225w, https:\/\/www.7zaligheden.nl\/wp-content\/uploads\/2023\/08\/E005E946-8433-4842-A47C-270B05BB46EB-1152x1536.jpeg 1152w, https:\/\/www.7zaligheden.nl\/wp-content\/uploads\/2023\/08\/E005E946-8433-4842-A47C-270B05BB46EB-1536x2048.jpeg 1536w, https:\/\/www.7zaligheden.nl\/wp-content\/uploads\/2023\/08\/E005E946-8433-4842-A47C-270B05BB46EB-scaled.jpeg 1920w\" sizes=\"auto, (max-width: 525px) 100vw, 525px\" \/><\/h1>\n<h1 style=\"text-align: center;\"><strong>ambachtelijk gebakken zuurdesem brood<\/strong><\/h1>\n<p>Ons ambachtelijk in een steenoven gebakk<span style=\"font-size: 1rem;\">en zuurdesem brood is gemaakt met onze eigen gekweekte zuurdesem-starter, langzaam tot bestaan gekomen door de wilde gist die\u00a0van nature in de lucht en in het bloem voorkomt. <\/span><\/p>\n<p><span style=\"font-size: 1rem;\">Omdat wij onze zuurdeegstarter dagelijks verversen smaakt ons brood niet zuur, maar wel zeer karaktervol door de lange rijping van het deeg.<\/span><\/p>\n<p>Brood gebakken van biologische rogge-, spelt-, kamut en tarwebloem en zelfs Italiaanse oergranen (meer daarover op onze pagina over oergranen\/grani antichi), op molenstenen langzaam gemalen waardoor smaak- en voedingsstoffen behouden blijven, wat zeer ten goede komt aan de smaak en kwaliteit van het brood.<\/p>\n<p>Door het ambachtelijke proces van veelvuldig vouwen van het deeg, een traditionele werkwijze die grotendeels verloren is gegaan vanwege de &#8220;time is money&#8221; filosofie, komen de suikers die van nature in het meel zitten naar de oppervlakte\/korst van ons brood en &#8220;karameliseren&#8221; de korst tijdens het bakken, wat resulteert in een dunne, knapperige, zeer aromatische korst.<\/p>\n<p><img loading=\"lazy\" decoding=\"async\" class=\"alignnone size-large wp-image-986\" src=\"https:\/\/www.7zaligheden.nl\/wp-content\/uploads\/2023\/08\/40F28614-0972-4154-B332-C9EA61E1F416-1024x768.jpeg\" alt=\"\" width=\"525\" height=\"394\" srcset=\"https:\/\/www.7zaligheden.nl\/wp-content\/uploads\/2023\/08\/40F28614-0972-4154-B332-C9EA61E1F416-1024x768.jpeg 1024w, https:\/\/www.7zaligheden.nl\/wp-content\/uploads\/2023\/08\/40F28614-0972-4154-B332-C9EA61E1F416-300x225.jpeg 300w, https:\/\/www.7zaligheden.nl\/wp-content\/uploads\/2023\/08\/40F28614-0972-4154-B332-C9EA61E1F416-768x576.jpeg 768w, https:\/\/www.7zaligheden.nl\/wp-content\/uploads\/2023\/08\/40F28614-0972-4154-B332-C9EA61E1F416-1536x1152.jpeg 1536w, https:\/\/www.7zaligheden.nl\/wp-content\/uploads\/2023\/08\/40F28614-0972-4154-B332-C9EA61E1F416-2048x1536.jpeg 2048w\" sizes=\"auto, (max-width: 525px) 100vw, 525px\" \/><\/p>\n<p>Ieder brood is met onze eigen handen gemaakt, gevormd en in onze eigen steenoven gebakken. \u2018s-Morgens wordt ons deeg geprepareerd en na een nacht lang rijzen, \u00a0vervolgens in onze steenoven gebakken. \u00a0Eerlijk en Puur brood.<\/p>\n<p>Mensen die wellicht last van hun maag krijgen van brood, kunnen ons brood goed verdragen, omdat ons brood geen chemische toevoegingen bevat, zoals b.v. gist of smaakverbeteraars. Ons brood rijst zeer lang en wij gebruiken alleen onze natuurlijke zuurdesem om het brood te laten rijzen. Van dit lange rijsproces is bekend dat de structuur van het deeg door de lange fermentatie zodanig veranderd dat het brood uiteindelijk beter en lichter verteerbaar is en er meer voedingsstoffen door het lichaam kunnen worden opgenomen. Vandaar dat wij ons brood &#8220;eerlijk&#8221;, wellicht ook heilzaam mogen noemen. Puur brood !<\/p>\n<h1 style=\"text-align: center;\"><strong>PAIN DE CAMPAGNE<\/strong><\/h1>\n<p>Ons Pain de Campagne is gemaakt naar oud Frans recept. Het is een brood met een heerlijk aroma en een knapperige, gecaramelliseerde korst (de suikers die van nature in het bloem zitten komen door de lange rijstijd naar de oppervlakte van het deeg\/brood en caramelliseren tijdens het bakken).<\/p>\n<p>Biologische tarwe, een beetje rogge, en een hoge hydratatie geven dit brood haar unieke smaak-karakter ! Het brood kan 5 tot 7 dagen bewaard kan worden.<\/p>\n<p><img loading=\"lazy\" decoding=\"async\" class=\"size-large wp-image-747 aligncenter\" src=\"https:\/\/www.7zaligheden.nl\/wp-content\/uploads\/2020\/07\/PdC-3-768x1024.jpg\" alt=\"\" width=\"525\" height=\"700\" srcset=\"https:\/\/www.7zaligheden.nl\/wp-content\/uploads\/2020\/07\/PdC-3-768x1024.jpg 768w, https:\/\/www.7zaligheden.nl\/wp-content\/uploads\/2020\/07\/PdC-3-225x300.jpg 225w, https:\/\/www.7zaligheden.nl\/wp-content\/uploads\/2020\/07\/PdC-3-1152x1536.jpg 1152w, https:\/\/www.7zaligheden.nl\/wp-content\/uploads\/2020\/07\/PdC-3-1536x2048.jpg 1536w, https:\/\/www.7zaligheden.nl\/wp-content\/uploads\/2020\/07\/PdC-3-scaled.jpg 1920w\" sizes=\"auto, (max-width: 525px) 100vw, 525px\" \/><\/p>\n<p><img loading=\"lazy\" decoding=\"async\" class=\"size-large wp-image-994 aligncenter\" src=\"https:\/\/www.7zaligheden.nl\/wp-content\/uploads\/2023\/08\/0B7BFEB8-551A-4596-B18C-51A2DD56111A-768x1024.jpeg\" alt=\"\" width=\"525\" height=\"700\" srcset=\"https:\/\/www.7zaligheden.nl\/wp-content\/uploads\/2023\/08\/0B7BFEB8-551A-4596-B18C-51A2DD56111A-768x1024.jpeg 768w, https:\/\/www.7zaligheden.nl\/wp-content\/uploads\/2023\/08\/0B7BFEB8-551A-4596-B18C-51A2DD56111A-225x300.jpeg 225w, https:\/\/www.7zaligheden.nl\/wp-content\/uploads\/2023\/08\/0B7BFEB8-551A-4596-B18C-51A2DD56111A-1152x1536.jpeg 1152w, https:\/\/www.7zaligheden.nl\/wp-content\/uploads\/2023\/08\/0B7BFEB8-551A-4596-B18C-51A2DD56111A-1536x2048.jpeg 1536w, https:\/\/www.7zaligheden.nl\/wp-content\/uploads\/2023\/08\/0B7BFEB8-551A-4596-B18C-51A2DD56111A.jpeg 1575w\" sizes=\"auto, (max-width: 525px) 100vw, 525px\" \/><\/p>\n<h1 style=\"text-align: center;\"><strong><img loading=\"lazy\" decoding=\"async\" class=\"alignnone size-large wp-image-773\" src=\"https:\/\/www.7zaligheden.nl\/wp-content\/uploads\/2020\/07\/cropped-IMG_6008-scaled-1-961x1024.jpg\" alt=\"\" width=\"525\" height=\"559\" srcset=\"https:\/\/www.7zaligheden.nl\/wp-content\/uploads\/2020\/07\/cropped-IMG_6008-scaled-1-961x1024.jpg 961w, https:\/\/www.7zaligheden.nl\/wp-content\/uploads\/2020\/07\/cropped-IMG_6008-scaled-1-282x300.jpg 282w, https:\/\/www.7zaligheden.nl\/wp-content\/uploads\/2020\/07\/cropped-IMG_6008-scaled-1-768x818.jpg 768w, https:\/\/www.7zaligheden.nl\/wp-content\/uploads\/2020\/07\/cropped-IMG_6008-scaled-1-1442x1536.jpg 1442w, https:\/\/www.7zaligheden.nl\/wp-content\/uploads\/2020\/07\/cropped-IMG_6008-scaled-1-1922x2048.jpg 1922w, https:\/\/www.7zaligheden.nl\/wp-content\/uploads\/2020\/07\/cropped-IMG_6008-scaled-1.jpg 2000w\" sizes=\"auto, (max-width: 525px) 100vw, 525px\" \/><br \/><\/strong><\/h1>\n<h1 style=\"text-align: center;\"><strong>BLONDE (semola\/tarwebloem)<\/strong><\/h1>\n<p>Dit is ons wit brood, 50% semola (durum) en 50% tarwebloem. Het is niet echt helemaal wit, omdat het bloem niet helemaal uitgezeefd is en onze zuurdesemstarter veel volkorenmeel bevat. En daarbij komt nog dat het biologische tarwe is, op molenstenen gemalen.\u00a0 Onze Semola komt uit Calabria, Zuid-Itali\u00eb. Vroeger bakte men in in het zuiden van Itali\u00eb en op Sicili\u00eb brood van semola di grano duro (durum) ook wel pane di semola rimacinata genoemd. Destijds was dat daar goedkoper dan tarwebloem. Dit is het\u00a0 lichtste brood dat we bakken en maar wel zeer karakteristiek en \u00e9\u00e9n van onze favorieten&#8230;&#8230;&#8230;.<\/p>\n<h1 style=\"text-align: center;\"><strong>GRANI ANTICHI\/antieke granen<\/strong><\/h1>\n<p><img loading=\"lazy\" decoding=\"async\" class=\"size-large wp-image-1074 aligncenter\" src=\"https:\/\/www.7zaligheden.nl\/wp-content\/uploads\/2025\/05\/IMG_3656-1024x576.jpeg\" alt=\"\" width=\"525\" height=\"295\" srcset=\"https:\/\/www.7zaligheden.nl\/wp-content\/uploads\/2025\/05\/IMG_3656-1024x576.jpeg 1024w, https:\/\/www.7zaligheden.nl\/wp-content\/uploads\/2025\/05\/IMG_3656-300x169.jpeg 300w, https:\/\/www.7zaligheden.nl\/wp-content\/uploads\/2025\/05\/IMG_3656-768x432.jpeg 768w, https:\/\/www.7zaligheden.nl\/wp-content\/uploads\/2025\/05\/IMG_3656-1536x864.jpeg 1536w, https:\/\/www.7zaligheden.nl\/wp-content\/uploads\/2025\/05\/IMG_3656-2048x1152.jpeg 2048w\" sizes=\"auto, (max-width: 525px) 100vw, 525px\" \/><\/p>\n<p>Een van onze specialiteiten is brood gebakken van antieke Italiaanse granen. Deze granen zijn <strong>nooit<\/strong> genetisch gemanipuleerd\/gemodificeerd. De granen hebben een bijzonder delicate smaak. Bovendien hebben deze broden van deze antieke granen een heel andere gluten samenstelling. Omdat deze granen nooit genetisch gemodificeerd, zijn ze dus nog in hun originele staat. Dit heeft het voordeel dat brood van deze granen in alle gevallen die wij persoonlijk kennen, zonder problemen te eten waren voor degenen met een digestieve intolerantie.<\/p>\n<p style=\"text-align: center;\"><img loading=\"lazy\" decoding=\"async\" class=\"alignnone size-large wp-image-984\" src=\"https:\/\/www.7zaligheden.nl\/wp-content\/uploads\/2023\/08\/E005E946-8433-4842-A47C-270B05BB46EB-768x1024.jpeg\" alt=\"\" width=\"525\" height=\"700\" srcset=\"https:\/\/www.7zaligheden.nl\/wp-content\/uploads\/2023\/08\/E005E946-8433-4842-A47C-270B05BB46EB-768x1024.jpeg 768w, https:\/\/www.7zaligheden.nl\/wp-content\/uploads\/2023\/08\/E005E946-8433-4842-A47C-270B05BB46EB-225x300.jpeg 225w, https:\/\/www.7zaligheden.nl\/wp-content\/uploads\/2023\/08\/E005E946-8433-4842-A47C-270B05BB46EB-1152x1536.jpeg 1152w, https:\/\/www.7zaligheden.nl\/wp-content\/uploads\/2023\/08\/E005E946-8433-4842-A47C-270B05BB46EB-1536x2048.jpeg 1536w, https:\/\/www.7zaligheden.nl\/wp-content\/uploads\/2023\/08\/E005E946-8433-4842-A47C-270B05BB46EB-scaled.jpeg 1920w\" sizes=\"auto, (max-width: 525px) 100vw, 525px\" \/><\/p>\n<p><img loading=\"lazy\" decoding=\"async\" class=\"size-large wp-image-1075 aligncenter\" src=\"https:\/\/www.7zaligheden.nl\/wp-content\/uploads\/2025\/05\/IMG_3655-576x1024.jpeg\" alt=\"\" width=\"525\" height=\"933\" srcset=\"https:\/\/www.7zaligheden.nl\/wp-content\/uploads\/2025\/05\/IMG_3655-576x1024.jpeg 576w, https:\/\/www.7zaligheden.nl\/wp-content\/uploads\/2025\/05\/IMG_3655-169x300.jpeg 169w, https:\/\/www.7zaligheden.nl\/wp-content\/uploads\/2025\/05\/IMG_3655-768x1365.jpeg 768w, https:\/\/www.7zaligheden.nl\/wp-content\/uploads\/2025\/05\/IMG_3655-864x1536.jpeg 864w, https:\/\/www.7zaligheden.nl\/wp-content\/uploads\/2025\/05\/IMG_3655-1152x2048.jpeg 1152w, https:\/\/www.7zaligheden.nl\/wp-content\/uploads\/2025\/05\/IMG_3655-scaled.jpeg 1440w\" sizes=\"auto, (max-width: 525px) 100vw, 525px\" \/><\/p>\n<p style=\"text-align: center;\"><strong>ROGGE<\/strong><\/p>\n<p>We bakken een 100% zuurdesem roggebrood. Dus alleen rogge en niets anders<\/p>\n<p style=\"text-align: center;\"><strong>100% ROGGE<\/strong><\/p>\n<p>100% roggemeel, zuurdeegstarter, water, zeezout&#8230;., dat is alles !<\/p>\n<p><img loading=\"lazy\" decoding=\"async\" class=\"size-large wp-image-1029 aligncenter\" src=\"https:\/\/www.7zaligheden.nl\/wp-content\/uploads\/2024\/02\/IMG_3401-1024x576.jpeg\" alt=\"\" width=\"525\" height=\"295\" srcset=\"https:\/\/www.7zaligheden.nl\/wp-content\/uploads\/2024\/02\/IMG_3401-1024x576.jpeg 1024w, https:\/\/www.7zaligheden.nl\/wp-content\/uploads\/2024\/02\/IMG_3401-300x169.jpeg 300w, https:\/\/www.7zaligheden.nl\/wp-content\/uploads\/2024\/02\/IMG_3401-768x432.jpeg 768w, https:\/\/www.7zaligheden.nl\/wp-content\/uploads\/2024\/02\/IMG_3401-1536x864.jpeg 1536w, https:\/\/www.7zaligheden.nl\/wp-content\/uploads\/2024\/02\/IMG_3401-2048x1152.jpeg 2048w\" sizes=\"auto, (max-width: 525px) 100vw, 525px\" \/><\/p>\n<p>&nbsp;<\/p>\n<p><img loading=\"lazy\" decoding=\"async\" class=\"size-large wp-image-989 aligncenter\" src=\"https:\/\/www.7zaligheden.nl\/wp-content\/uploads\/2023\/08\/95CFDCBD-8FDD-485A-95DF-369AD29BA214-1024x768.jpeg\" alt=\"\" width=\"525\" height=\"394\" srcset=\"https:\/\/www.7zaligheden.nl\/wp-content\/uploads\/2023\/08\/95CFDCBD-8FDD-485A-95DF-369AD29BA214-1024x768.jpeg 1024w, https:\/\/www.7zaligheden.nl\/wp-content\/uploads\/2023\/08\/95CFDCBD-8FDD-485A-95DF-369AD29BA214-300x225.jpeg 300w, https:\/\/www.7zaligheden.nl\/wp-content\/uploads\/2023\/08\/95CFDCBD-8FDD-485A-95DF-369AD29BA214-768x576.jpeg 768w, https:\/\/www.7zaligheden.nl\/wp-content\/uploads\/2023\/08\/95CFDCBD-8FDD-485A-95DF-369AD29BA214-1536x1152.jpeg 1536w, https:\/\/www.7zaligheden.nl\/wp-content\/uploads\/2023\/08\/95CFDCBD-8FDD-485A-95DF-369AD29BA214.jpeg 2048w\" sizes=\"auto, (max-width: 525px) 100vw, 525px\" \/><\/p>\n<p>&nbsp;<\/p>\n<h1 style=\"text-align: center;\"><strong>100% VOLKOREN SPELT<\/strong><\/h1>\n<p>Ons\u00a0<strong>100%<\/strong> spelt brood, van volkoren spelt, gemalen op molenstenen door de Commandeursmolen, onze zuurdeegstarter, water zeezout.<\/p>\n<p><img loading=\"lazy\" decoding=\"async\" class=\"size-large wp-image-944 aligncenter\" src=\"https:\/\/www.7zaligheden.nl\/wp-content\/uploads\/2022\/05\/image-1024x576.jpeg\" alt=\"\" width=\"525\" height=\"295\" srcset=\"https:\/\/www.7zaligheden.nl\/wp-content\/uploads\/2022\/05\/image-1024x576.jpeg 1024w, https:\/\/www.7zaligheden.nl\/wp-content\/uploads\/2022\/05\/image-300x169.jpeg 300w, https:\/\/www.7zaligheden.nl\/wp-content\/uploads\/2022\/05\/image-768x432.jpeg 768w, https:\/\/www.7zaligheden.nl\/wp-content\/uploads\/2022\/05\/image-1536x864.jpeg 1536w, https:\/\/www.7zaligheden.nl\/wp-content\/uploads\/2022\/05\/image-2048x1152.jpeg 2048w\" sizes=\"auto, (max-width: 525px) 100vw, 525px\" \/><\/p>\n<p>&nbsp;<\/p>\n<h1 style=\"text-align: center;\"><strong>100% VOLKOREN TARWE<\/strong><\/h1>\n<p>Ons 100% volkoren tarwe zuurdesem brood. Heel lang gerezen, wat het veel diepte geeft en licht verteerbaar maakt, zuurdeegstarter, water en zout&#8230;<\/p>\n<h1 style=\"text-align: center;\"><b><img loading=\"lazy\" decoding=\"async\" class=\"alignnone size-large wp-image-992\" src=\"https:\/\/www.7zaligheden.nl\/wp-content\/uploads\/2023\/08\/D96A7657-C28B-40C8-8795-12AAE731179E-768x1024.jpeg\" alt=\"\" width=\"525\" height=\"700\" srcset=\"https:\/\/www.7zaligheden.nl\/wp-content\/uploads\/2023\/08\/D96A7657-C28B-40C8-8795-12AAE731179E-768x1024.jpeg 768w, https:\/\/www.7zaligheden.nl\/wp-content\/uploads\/2023\/08\/D96A7657-C28B-40C8-8795-12AAE731179E-225x300.jpeg 225w, https:\/\/www.7zaligheden.nl\/wp-content\/uploads\/2023\/08\/D96A7657-C28B-40C8-8795-12AAE731179E-1152x1536.jpeg 1152w, https:\/\/www.7zaligheden.nl\/wp-content\/uploads\/2023\/08\/D96A7657-C28B-40C8-8795-12AAE731179E.jpeg 1536w\" sizes=\"auto, (max-width: 525px) 100vw, 525px\" \/><\/b><\/h1>\n<h1 style=\"text-align: center;\"><strong>OLIJVEN\/ROZEMARIJN<\/strong><\/h1>\n<p>Ons olijven\/rozemarijnbrood wordt gemaakt net als onze andere broden, maar met de toevoeging van biologische olijven en rozemarijn.<\/p>\n<p>Tarwebloem, zuurdeegstarter, water, zout, olijven, rozemarijn&#8230;<\/p>\n<h1><img loading=\"lazy\" decoding=\"async\" class=\"alignnone size-large wp-image-1034 aligncenter\" src=\"https:\/\/www.7zaligheden.nl\/wp-content\/uploads\/2024\/02\/IMG_2964-1024x768.jpeg\" alt=\"\" width=\"525\" height=\"394\" srcset=\"https:\/\/www.7zaligheden.nl\/wp-content\/uploads\/2024\/02\/IMG_2964-1024x768.jpeg 1024w, https:\/\/www.7zaligheden.nl\/wp-content\/uploads\/2024\/02\/IMG_2964-300x225.jpeg 300w, https:\/\/www.7zaligheden.nl\/wp-content\/uploads\/2024\/02\/IMG_2964-768x576.jpeg 768w, https:\/\/www.7zaligheden.nl\/wp-content\/uploads\/2024\/02\/IMG_2964-1536x1152.jpeg 1536w, https:\/\/www.7zaligheden.nl\/wp-content\/uploads\/2024\/02\/IMG_2964-2048x1536.jpeg 2048w\" sizes=\"auto, (max-width: 525px) 100vw, 525px\" \/><\/h1>\n<p><img loading=\"lazy\" decoding=\"async\" class=\"alignnone size-large wp-image-1035 aligncenter\" src=\"https:\/\/www.7zaligheden.nl\/wp-content\/uploads\/2024\/02\/IMG_2963-768x1024.jpeg\" alt=\"\" width=\"525\" height=\"700\" srcset=\"https:\/\/www.7zaligheden.nl\/wp-content\/uploads\/2024\/02\/IMG_2963-768x1024.jpeg 768w, https:\/\/www.7zaligheden.nl\/wp-content\/uploads\/2024\/02\/IMG_2963-225x300.jpeg 225w, https:\/\/www.7zaligheden.nl\/wp-content\/uploads\/2024\/02\/IMG_2963-1152x1536.jpeg 1152w, https:\/\/www.7zaligheden.nl\/wp-content\/uploads\/2024\/02\/IMG_2963-1536x2048.jpeg 1536w, https:\/\/www.7zaligheden.nl\/wp-content\/uploads\/2024\/02\/IMG_2963-scaled.jpeg 1920w\" sizes=\"auto, (max-width: 525px) 100vw, 525px\" \/><\/p>\n<p><img loading=\"lazy\" decoding=\"async\" class=\"alignnone size-large wp-image-1036 aligncenter\" src=\"https:\/\/www.7zaligheden.nl\/wp-content\/uploads\/2024\/02\/IMG_2929-768x1024.jpeg\" alt=\"\" width=\"525\" height=\"700\" srcset=\"https:\/\/www.7zaligheden.nl\/wp-content\/uploads\/2024\/02\/IMG_2929-768x1024.jpeg 768w, https:\/\/www.7zaligheden.nl\/wp-content\/uploads\/2024\/02\/IMG_2929-225x300.jpeg 225w, https:\/\/www.7zaligheden.nl\/wp-content\/uploads\/2024\/02\/IMG_2929-1152x1536.jpeg 1152w, https:\/\/www.7zaligheden.nl\/wp-content\/uploads\/2024\/02\/IMG_2929-1536x2048.jpeg 1536w, https:\/\/www.7zaligheden.nl\/wp-content\/uploads\/2024\/02\/IMG_2929.jpeg 1575w\" sizes=\"auto, (max-width: 525px) 100vw, 525px\" \/><\/p>\n<p>&nbsp;<\/p>\n<p>Het olijven\/rozemarijn brood hieronder is gebakken in Sytsjavka, Odessa oblast, door onze &#8220;<i>First Sytsjavka Sourdough Bakery&#8221;\u00a0<\/i><\/p>\n<p><img loading=\"lazy\" decoding=\"async\" class=\"size-large wp-image-456 aligncenter\" src=\"https:\/\/www.7zaligheden.nl\/wp-content\/uploads\/2018\/08\/33FB7E40-C1E2-42EF-A286-28D485E34220-768x1024.jpeg\" alt=\"\" width=\"525\" height=\"700\" srcset=\"https:\/\/www.7zaligheden.nl\/wp-content\/uploads\/2018\/08\/33FB7E40-C1E2-42EF-A286-28D485E34220-768x1024.jpeg 768w, https:\/\/www.7zaligheden.nl\/wp-content\/uploads\/2018\/08\/33FB7E40-C1E2-42EF-A286-28D485E34220-225x300.jpeg 225w, https:\/\/www.7zaligheden.nl\/wp-content\/uploads\/2018\/08\/33FB7E40-C1E2-42EF-A286-28D485E34220.jpeg 1536w\" sizes=\"auto, (max-width: 525px) 100vw, 525px\" \/><\/p>\n<hr \/>\n<h1 style=\"text-align: center;\"><strong>ROZIJNEN\/HAZELNOTEN\u00a0<\/strong><\/h1>\n<p>&nbsp;<\/p>\n<p><img loading=\"lazy\" decoding=\"async\" class=\"alignnone size-large wp-image-983\" src=\"https:\/\/www.7zaligheden.nl\/wp-content\/uploads\/2023\/08\/AFFC3EA9-A630-4E34-AEE1-AC4AA9690C48-768x1024.jpeg\" alt=\"\" width=\"525\" height=\"700\" srcset=\"https:\/\/www.7zaligheden.nl\/wp-content\/uploads\/2023\/08\/AFFC3EA9-A630-4E34-AEE1-AC4AA9690C48-768x1024.jpeg 768w, https:\/\/www.7zaligheden.nl\/wp-content\/uploads\/2023\/08\/AFFC3EA9-A630-4E34-AEE1-AC4AA9690C48-225x300.jpeg 225w, https:\/\/www.7zaligheden.nl\/wp-content\/uploads\/2023\/08\/AFFC3EA9-A630-4E34-AEE1-AC4AA9690C48-1152x1536.jpeg 1152w, https:\/\/www.7zaligheden.nl\/wp-content\/uploads\/2023\/08\/AFFC3EA9-A630-4E34-AEE1-AC4AA9690C48-1536x2048.jpeg 1536w, https:\/\/www.7zaligheden.nl\/wp-content\/uploads\/2023\/08\/AFFC3EA9-A630-4E34-AEE1-AC4AA9690C48-scaled.jpeg 1920w\" sizes=\"auto, (max-width: 525px) 100vw, 525px\" \/><\/p>\n<p style=\"text-align: left;\">Ons heerlijke karaktervolle rozijnen brood met hazelnoten. Zoete rozijnen, geroosterde hazelnoten, zout om de smaak te completeren, met als resultaat een brood waar je moeilijk van af kunt blijven&#8230;<\/p>\n<h1 style=\"text-align: center;\"><strong>WALNOOT<\/strong><\/h1>\n<p>Ons biologisch tarwe zuurdesem brood van ons eigen gekweekte desem, met 75 gram\u00a0<strong><em>hele<\/em><\/strong> walnoten. Dan proef je ook walnoot als je er een hap van neemt !<\/p>\n<p>Tarwe met walnoot en volkoren spelt met walnoot<\/p>\n<p><img loading=\"lazy\" decoding=\"async\" class=\"aligncenter wp-image-112 size-large\" src=\"https:\/\/www.7zaligheden.nl\/wp-content\/uploads\/2017\/04\/Bestand_0011-1-1024x768.jpeg\" alt=\"\" width=\"525\" height=\"394\" srcset=\"https:\/\/www.7zaligheden.nl\/wp-content\/uploads\/2017\/04\/Bestand_0011-1-1024x768.jpeg 1024w, https:\/\/www.7zaligheden.nl\/wp-content\/uploads\/2017\/04\/Bestand_0011-1-300x225.jpeg 300w, https:\/\/www.7zaligheden.nl\/wp-content\/uploads\/2017\/04\/Bestand_0011-1-768x576.jpeg 768w\" sizes=\"auto, (max-width: 525px) 100vw, 525px\" \/><\/p>\n<h1 style=\"text-align: center;\"><b>HAZELNOTEN\/ROZIJNEN\/AMANDELSPIJS brood<\/b><\/h1>\n<p>Ons hazelnoten\/rozijnen\/amandelspijs brood is uiteraard helemaal biologisch, gebakken met ons heerlijke zuurdeeg, rozijnen, hele hazelnoten, amandelspijs (50\/50) en zeezout&#8230;<\/p>\n<p><img loading=\"lazy\" decoding=\"async\" class=\"size-large wp-image-556 aligncenter\" src=\"https:\/\/www.7zaligheden.nl\/wp-content\/uploads\/2019\/06\/IMG_5175-1024x768.jpg\" alt=\"\" width=\"525\" height=\"394\" srcset=\"https:\/\/www.7zaligheden.nl\/wp-content\/uploads\/2019\/06\/IMG_5175-1024x768.jpg 1024w, https:\/\/www.7zaligheden.nl\/wp-content\/uploads\/2019\/06\/IMG_5175-300x225.jpg 300w, https:\/\/www.7zaligheden.nl\/wp-content\/uploads\/2019\/06\/IMG_5175-768x576.jpg 768w\" sizes=\"auto, (max-width: 525px) 100vw, 525px\" \/><\/p>\n<p><img loading=\"lazy\" decoding=\"async\" class=\"size-large wp-image-557 aligncenter\" src=\"https:\/\/www.7zaligheden.nl\/wp-content\/uploads\/2019\/06\/IMG_5173-e1560780795671-768x1024.jpg\" alt=\"\" width=\"525\" height=\"700\" srcset=\"https:\/\/www.7zaligheden.nl\/wp-content\/uploads\/2019\/06\/IMG_5173-e1560780795671-768x1024.jpg 768w, https:\/\/www.7zaligheden.nl\/wp-content\/uploads\/2019\/06\/IMG_5173-e1560780795671-225x300.jpg 225w\" sizes=\"auto, (max-width: 525px) 100vw, 525px\" \/><\/p>\n<h1 style=\"text-align: center;\"><strong>SESAMBROOD<\/strong><\/h1>\n<p>De sesam voor ons sesambrood wordt eerst licht geroosterd en dan door het\u00a0<strong>hele<\/strong> deeg verwerkt en bovenop het brood aangebracht. Tarwebloem, zuurdeegstarter, water, sesam, zout&#8230;<\/p>\n<p><img loading=\"lazy\" decoding=\"async\" class=\"size-large wp-image-553 aligncenter\" src=\"https:\/\/www.7zaligheden.nl\/wp-content\/uploads\/2019\/06\/IMG_0062-e1560780835139-768x1024.jpg\" alt=\"\" width=\"525\" height=\"700\" srcset=\"https:\/\/www.7zaligheden.nl\/wp-content\/uploads\/2019\/06\/IMG_0062-e1560780835139-768x1024.jpg 768w, https:\/\/www.7zaligheden.nl\/wp-content\/uploads\/2019\/06\/IMG_0062-e1560780835139-225x300.jpg 225w\" sizes=\"auto, (max-width: 525px) 100vw, 525px\" \/><\/p>\n\n\n\n\n<p><\/p>\n","protected":false},"excerpt":{"rendered":"<p>BROOD ambachtelijk gebakken zuurdesem brood Ons ambachtelijk in een steenoven gebakken zuurdesem brood is gemaakt met onze eigen gekweekte zuurdesem-starter, langzaam tot bestaan gekomen door de wilde gist die\u00a0van nature in de lucht en in het bloem voorkomt. Omdat wij onze zuurdeegstarter dagelijks verversen smaakt ons brood niet zuur, maar wel zeer karaktervol door de &hellip; <\/p>\n<p class=\"link-more\"><a href=\"https:\/\/www.7zaligheden.nl\/?page_id=155\" class=\"more-link\">Lees verder <span class=\"screen-reader-text\">&#8220;BROOD&#8221;<\/span><\/a><\/p>\n","protected":false},"author":3745,"featured_media":0,"parent":0,"menu_order":0,"comment_status":"closed","ping_status":"closed","template":"","meta":{"footnotes":""},"class_list":["post-155","page","type-page","status-publish","hentry"],"_links":{"self":[{"href":"https:\/\/www.7zaligheden.nl\/index.php?rest_route=\/wp\/v2\/pages\/155","targetHints":{"allow":["GET"]}}],"collection":[{"href":"https:\/\/www.7zaligheden.nl\/index.php?rest_route=\/wp\/v2\/pages"}],"about":[{"href":"https:\/\/www.7zaligheden.nl\/index.php?rest_route=\/wp\/v2\/types\/page"}],"author":[{"embeddable":true,"href":"https:\/\/www.7zaligheden.nl\/index.php?rest_route=\/wp\/v2\/users\/3745"}],"replies":[{"embeddable":true,"href":"https:\/\/www.7zaligheden.nl\/index.php?rest_route=%2Fwp%2Fv2%2Fcomments&post=155"}],"version-history":[{"count":128,"href":"https:\/\/www.7zaligheden.nl\/index.php?rest_route=\/wp\/v2\/pages\/155\/revisions"}],"predecessor-version":[{"id":1078,"href":"https:\/\/www.7zaligheden.nl\/index.php?rest_route=\/wp\/v2\/pages\/155\/revisions\/1078"}],"wp:attachment":[{"href":"https:\/\/www.7zaligheden.nl\/index.php?rest_route=%2Fwp%2Fv2%2Fmedia&parent=155"}],"curies":[{"name":"wp","href":"https:\/\/api.w.org\/{rel}","templated":true}]}}